{"id":2918,"date":"2022-12-07T14:07:21","date_gmt":"2022-12-07T13:07:21","guid":{"rendered":"https:\/\/b1bricks.de\/lego-site\/?post_type=product&#038;p=2918"},"modified":"2025-10-20T13:15:31","modified_gmt":"2025-10-20T11:15:31","slug":"legoseriousplay_explorationbag_einzeln","status":"publish","type":"product","link":"https:\/\/b1bricks.de\/en\/product\/legoseriousplay_explorationbag_einzeln\/","title":{"rendered":"LEGO\u00ae SERIOUS PLAY\u00ae Window Exploration Bag (einzeln)"},"content":{"rendered":"<p>Lego\u00ae Produktnummer: 2000409-2<\/p>\n<p><strong>Offizieller Produkttext zu LEGO Window Exploration Bag 2000409<\/strong><\/p>\n<p>Das LEGO\u00ae SERIOUS PLAY\u00ae Programm ist eine effektive und innovative Methode zur Verbesserung Ihrer Fertigkeiten in der Gesch\u00e4ftswelt mithilfe von LEGO-Steinen.<\/p>\n<p>Das LEGO\u00ae SERIOUS PLAY\u00ae Window Exploration Bag ist auf eine Person ausgelegt und zielt darauf ab, die grundlegenden Prinzipien und F\u00e4higkeiten der LEGO\u00ae SERIOUS PLAY\u00ae Methode zu erlernen. Es ist sehr gut f\u00fcr k\u00fcrzere Workshops von weniger als 3 Stunden geeignet.<\/p>\n<p>Enth\u00e4lt:<\/p>\n<ul>\n<li>Kleine Auswahl an Standard-Steinen in vielen verschiedenen Farben und Formen.<\/li>\n<li>Kleine Auswahl an besonderen Elementen sowie Minifiguren-Teile.<\/li>\n<\/ul>\n<p><strong>Hinweis:<\/strong> Das Window Exploration Bag enth\u00e4lt keinerlei Anleitung oder Anweisung. Informationen dar\u00fcber, wie man LEGO SERIOUS PLAY-Workshops mithilfe des Identity and Landscape Sets gestaltet und unterst\u00fctzt, k\u00f6nnen \u00fcber die LEGO SERIOUS PLAY-Community eingeholt werden.<\/p>","protected":false},"excerpt":{"rendered":"<p>Lego\u00ae Produktnummer: 2000409-2 Offizieller Produkttext zu LEGO Window Exploration Bag 2000409 Das LEGO\u00ae SERIOUS PLAY\u00ae Programm ist eine effektive und innovative Methode zur Verbesserung Ihrer Fertigkeiten in der Gesch\u00e4ftswelt mithilfe von LEGO-Steinen. Das LEGO\u00ae SERIOUS PLAY\u00ae Window Exploration Bag ist auf eine Person ausgelegt und zielt darauf ab, die grundlegenden Prinzipien und F\u00e4higkeiten der LEGO\u00ae [&hellip;]<\/p>\n","protected":false},"featured_media":3128,"template":"","meta":{"ocean_post_layout":"","ocean_both_sidebars_style":"","ocean_both_sidebars_content_width":0,"ocean_both_sidebars_sidebars_width":0,"ocean_sidebar":"0","ocean_second_sidebar":"0","ocean_disable_margins":"enable","ocean_add_body_class":"","ocean_shortcode_before_top_bar":"","ocean_shortcode_after_top_bar":"","ocean_shortcode_before_header":"","ocean_shortcode_after_header":"","ocean_has_shortcode":"","ocean_shortcode_after_title":"","ocean_shortcode_before_footer_widgets":"","ocean_shortcode_after_footer_widgets":"","ocean_shortcode_before_footer_bottom":"","ocean_shortcode_after_footer_bottom":"","ocean_display_top_bar":"default","ocean_display_header":"default","ocean_header_style":"","ocean_center_header_left_menu":"0","ocean_custom_header_template":"0","ocean_custom_logo":0,"ocean_custom_retina_logo":0,"ocean_custom_logo_max_width":0,"ocean_custom_logo_tablet_max_width":0,"ocean_custom_logo_mobile_max_width":0,"ocean_custom_logo_max_height":0,"ocean_custom_logo_tablet_max_height":0,"ocean_custom_logo_mobile_max_height":0,"ocean_header_custom_menu":"0","ocean_menu_typo_font_family":"0","ocean_menu_typo_font_subset":"","ocean_menu_typo_font_size":0,"ocean_menu_typo_font_size_tablet":0,"ocean_menu_typo_font_size_mobile":0,"ocean_menu_typo_font_size_unit":"px","ocean_menu_typo_font_weight":"","ocean_menu_typo_font_weight_tablet":"","ocean_menu_typo_font_weight_mobile":"","ocean_menu_typo_transform":"","ocean_menu_typo_transform_tablet":"","ocean_menu_typo_transform_mobile":"","ocean_menu_typo_line_height":0,"ocean_menu_typo_line_height_tablet":0,"ocean_menu_typo_line_height_mobile":0,"ocean_menu_typo_line_height_unit":"","ocean_menu_typo_spacing":0,"ocean_menu_typo_spacing_tablet":0,"ocean_menu_typo_spacing_mobile":0,"ocean_menu_typo_spacing_unit":"","ocean_menu_link_color":"","ocean_menu_link_color_hover":"","ocean_menu_link_color_active":"","ocean_menu_link_background":"","ocean_menu_link_hover_background":"","ocean_menu_link_active_background":"","ocean_menu_social_links_bg":"","ocean_menu_social_hover_links_bg":"","ocean_menu_social_links_color":"","ocean_menu_social_hover_links_color":"","ocean_disable_title":"default","ocean_disable_heading":"default","ocean_post_title":"","ocean_post_subheading":"","ocean_post_title_style":"","ocean_post_title_background_color":"","ocean_post_title_background":0,"ocean_post_title_bg_image_position":"","ocean_post_title_bg_image_attachment":"","ocean_post_title_bg_image_repeat":"","ocean_post_title_bg_image_size":"","ocean_post_title_height":0,"ocean_post_title_bg_overlay":0.5,"ocean_post_title_bg_overlay_color":"","ocean_disable_breadcrumbs":"default","ocean_breadcrumbs_color":"","ocean_breadcrumbs_separator_color":"","ocean_breadcrumbs_links_color":"","ocean_breadcrumbs_links_hover_color":"","ocean_display_footer_widgets":"default","ocean_display_footer_bottom":"default","ocean_custom_footer_template":"0","osh_disable_topbar_sticky":"default","osh_disable_header_sticky":"default","osh_sticky_header_style":"default","osh_sticky_header_effect":"","osh_custom_sticky_logo":0,"osh_custom_retina_sticky_logo":0,"osh_custom_sticky_logo_height":0,"osh_background_color":"","osh_links_color":"","osh_links_hover_color":"","osh_links_active_color":"","osh_links_bg_color":"","osh_links_hover_bg_color":"","osh_links_active_bg_color":"","osh_menu_social_links_color":"","osh_menu_social_hover_links_color":""},"product_brand":[],"product_cat":[55],"product_tag":[],"class_list":{"0":"post-2918","1":"product","2":"type-product","3":"status-publish","4":"has-post-thumbnail","6":"product_cat-serious-play","8":"entry","9":"has-media","11":"first","12":"instock","13":"taxable","14":"shipping-taxable","15":"purchasable","16":"product-type-simple","17":"has-product-nav","18":"col","19":"span_1_of_3","20":"owp-content-center","21":"owp-thumbs-layout-horizontal","22":"owp-btn-normal","23":"owp-tabs-layout-horizontal"},"_links":{"self":[{"href":"https:\/\/b1bricks.de\/en\/wp-json\/wp\/v2\/product\/2918","targetHints":{"allow":["GET"]}}],"collection":[{"href":"https:\/\/b1bricks.de\/en\/wp-json\/wp\/v2\/product"}],"about":[{"href":"https:\/\/b1bricks.de\/en\/wp-json\/wp\/v2\/types\/product"}],"wp:featuredmedia":[{"embeddable":true,"href":"https:\/\/b1bricks.de\/en\/wp-json\/wp\/v2\/media\/3128"}],"wp:attachment":[{"href":"https:\/\/b1bricks.de\/en\/wp-json\/wp\/v2\/media?parent=2918"}],"wp:term":[{"taxonomy":"product_brand","embeddable":true,"href":"https:\/\/b1bricks.de\/en\/wp-json\/wp\/v2\/product_brand?post=2918"},{"taxonomy":"product_cat","embeddable":true,"href":"https:\/\/b1bricks.de\/en\/wp-json\/wp\/v2\/product_cat?post=2918"},{"taxonomy":"product_tag","embeddable":true,"href":"https:\/\/b1bricks.de\/en\/wp-json\/wp\/v2\/product_tag?post=2918"}],"curies":[{"name":"wp","href":"https:\/\/api.w.org\/{rel}","templated":true}]}}