{"id":3119,"date":"2023-02-08T08:46:31","date_gmt":"2023-02-08T07:46:31","guid":{"rendered":"https:\/\/b1bricks.de\/lego-site\/?post_type=product&#038;p=3119"},"modified":"2025-04-18T19:15:38","modified_gmt":"2025-04-18T17:15:38","slug":"legoseriousplay_starterset","status":"publish","type":"product","link":"https:\/\/b1bricks.de\/en\/product\/legoseriousplay_starterset\/","title":{"rendered":"LEGO\u00ae SERIOUS PLAY\u00ae Starter Set"},"content":{"rendered":"<p>Lego\u00ae Produktnummer: 2000414<\/p>\n<p><strong>Offizieller Produkttext zu LEGO Starter Set 2000414<\/strong><br \/>\nEffektivere Workshops mit dem LEGO\u00ae SERIOUS PLAY\u00ae Programm!<\/p>\n<p>Das LEGO\u00ae SERIOUS PLAY\u00ae Programm ist eine effektive und innovative Methode zur Verbesserung Ihrer Fertigkeiten in der Gesch\u00e4ftswelt mithilfe von LEGO-Steinen.<\/p>\n<p>Das LEGO\u00ae SERIOUS PLAY\u00ae Starter Set ist auf eine Person ausgelegt. Das Starter Set enth\u00e4lt eine gro\u00dfe Auswahl an LEGO Steinen, die zum Veranstalten eines Workshops ben\u00f6tigt werden, der \u00fcber eine grundlegende Einf\u00fchrung in die LEGO SERIOUS PLAY-Methodologie hinausgeht. Das Set eignet sich sowohl zum Aufbau grundlegender F\u00e4higkeiten als auch f\u00fcr die tiefgreifenderen Aspekte des Workshops hinsichtlich Vorstellungskraft und Probleml\u00f6sungsf\u00e4higkeiten.<\/p>\n<p><strong>Enth\u00e4lt:<\/strong><br \/>\nEine Auswahl an LEGO Standard-Steinen kombiniert mit einigen DUPLO-Elementen.<br \/>\nEine Auswahl besonderer Elemente wie R\u00e4der, Reifen, Fenster, B\u00e4ume, Minifiguren-Teile, R\u00f6hren, Kugeln und kleine Grundplatten.<br \/>\nImaginopedia-Brosch\u00fcre mit einfachen Bauanleitungen f\u00fcr Modelle zum Aufbau von LEGO-Baufertigkeiten.<\/p>\n<p><strong>Hinweis:<\/strong><br \/>\nDas Starter Set enth\u00e4lt keinerlei Anleitung oder Anweisung. Informationen dar\u00fcber, wie man LEGO SERIOUS PLAY-Workshops mithilfe des Starter Sets gestaltet und unterst\u00fctzt, k\u00f6nnen \u00fcber die LEGO SERIOUS PLAY-Community eingeholt werden.<\/p>","protected":false},"excerpt":{"rendered":"<p>Lego\u00ae Produktnummer: 2000414 Offizieller Produkttext zu LEGO Starter Set 2000414 Effektivere Workshops mit dem LEGO\u00ae SERIOUS PLAY\u00ae Programm! Das LEGO\u00ae SERIOUS PLAY\u00ae Programm ist eine effektive und innovative Methode zur Verbesserung Ihrer Fertigkeiten in der Gesch\u00e4ftswelt mithilfe von LEGO-Steinen. Das LEGO\u00ae SERIOUS PLAY\u00ae Starter Set ist auf eine Person ausgelegt. Das Starter Set enth\u00e4lt eine [&hellip;]<\/p>\n","protected":false},"featured_media":3127,"template":"","meta":{"ocean_post_layout":"","ocean_both_sidebars_style":"","ocean_both_sidebars_content_width":0,"ocean_both_sidebars_sidebars_width":0,"ocean_sidebar":"0","ocean_second_sidebar":"0","ocean_disable_margins":"enable","ocean_add_body_class":"","ocean_shortcode_before_top_bar":"","ocean_shortcode_after_top_bar":"","ocean_shortcode_before_header":"","ocean_shortcode_after_header":"","ocean_has_shortcode":"","ocean_shortcode_after_title":"","ocean_shortcode_before_footer_widgets":"","ocean_shortcode_after_footer_widgets":"","ocean_shortcode_before_footer_bottom":"","ocean_shortcode_after_footer_bottom":"","ocean_display_top_bar":"default","ocean_display_header":"default","ocean_header_style":"","ocean_center_header_left_menu":"0","ocean_custom_header_template":"0","ocean_custom_logo":0,"ocean_custom_retina_logo":0,"ocean_custom_logo_max_width":0,"ocean_custom_logo_tablet_max_width":0,"ocean_custom_logo_mobile_max_width":0,"ocean_custom_logo_max_height":0,"ocean_custom_logo_tablet_max_height":0,"ocean_custom_logo_mobile_max_height":0,"ocean_header_custom_menu":"0","ocean_menu_typo_font_family":"0","ocean_menu_typo_font_subset":"","ocean_menu_typo_font_size":0,"ocean_menu_typo_font_size_tablet":0,"ocean_menu_typo_font_size_mobile":0,"ocean_menu_typo_font_size_unit":"px","ocean_menu_typo_font_weight":"","ocean_menu_typo_font_weight_tablet":"","ocean_menu_typo_font_weight_mobile":"","ocean_menu_typo_transform":"","ocean_menu_typo_transform_tablet":"","ocean_menu_typo_transform_mobile":"","ocean_menu_typo_line_height":0,"ocean_menu_typo_line_height_tablet":0,"ocean_menu_typo_line_height_mobile":0,"ocean_menu_typo_line_height_unit":"","ocean_menu_typo_spacing":0,"ocean_menu_typo_spacing_tablet":0,"ocean_menu_typo_spacing_mobile":0,"ocean_menu_typo_spacing_unit":"","ocean_menu_link_color":"","ocean_menu_link_color_hover":"","ocean_menu_link_color_active":"","ocean_menu_link_background":"","ocean_menu_link_hover_background":"","ocean_menu_link_active_background":"","ocean_menu_social_links_bg":"","ocean_menu_social_hover_links_bg":"","ocean_menu_social_links_color":"","ocean_menu_social_hover_links_color":"","ocean_disable_title":"default","ocean_disable_heading":"default","ocean_post_title":"","ocean_post_subheading":"","ocean_post_title_style":"","ocean_post_title_background_color":"","ocean_post_title_background":0,"ocean_post_title_bg_image_position":"","ocean_post_title_bg_image_attachment":"","ocean_post_title_bg_image_repeat":"","ocean_post_title_bg_image_size":"","ocean_post_title_height":0,"ocean_post_title_bg_overlay":0.5,"ocean_post_title_bg_overlay_color":"","ocean_disable_breadcrumbs":"default","ocean_breadcrumbs_color":"","ocean_breadcrumbs_separator_color":"","ocean_breadcrumbs_links_color":"","ocean_breadcrumbs_links_hover_color":"","ocean_display_footer_widgets":"default","ocean_display_footer_bottom":"default","ocean_custom_footer_template":"0","osh_disable_topbar_sticky":"default","osh_disable_header_sticky":"default","osh_sticky_header_style":"default","osh_sticky_header_effect":"","osh_custom_sticky_logo":0,"osh_custom_retina_sticky_logo":0,"osh_custom_sticky_logo_height":0,"osh_background_color":"","osh_links_color":"","osh_links_hover_color":"","osh_links_active_color":"","osh_links_bg_color":"","osh_links_hover_bg_color":"","osh_links_active_bg_color":"","osh_menu_social_links_color":"","osh_menu_social_hover_links_color":""},"product_brand":[],"product_cat":[55],"product_tag":[],"class_list":{"0":"post-3119","1":"product","2":"type-product","3":"status-publish","4":"has-post-thumbnail","6":"product_cat-serious-play","8":"entry","9":"has-media","11":"first","12":"instock","13":"taxable","14":"shipping-taxable","15":"purchasable","16":"product-type-simple","17":"has-product-nav","18":"col","19":"span_1_of_3","20":"owp-content-center","21":"owp-thumbs-layout-horizontal","22":"owp-btn-normal","23":"owp-tabs-layout-horizontal","24":"has-no-thumbnails"},"_links":{"self":[{"href":"https:\/\/b1bricks.de\/en\/wp-json\/wp\/v2\/product\/3119","targetHints":{"allow":["GET"]}}],"collection":[{"href":"https:\/\/b1bricks.de\/en\/wp-json\/wp\/v2\/product"}],"about":[{"href":"https:\/\/b1bricks.de\/en\/wp-json\/wp\/v2\/types\/product"}],"wp:featuredmedia":[{"embeddable":true,"href":"https:\/\/b1bricks.de\/en\/wp-json\/wp\/v2\/media\/3127"}],"wp:attachment":[{"href":"https:\/\/b1bricks.de\/en\/wp-json\/wp\/v2\/media?parent=3119"}],"wp:term":[{"taxonomy":"product_brand","embeddable":true,"href":"https:\/\/b1bricks.de\/en\/wp-json\/wp\/v2\/product_brand?post=3119"},{"taxonomy":"product_cat","embeddable":true,"href":"https:\/\/b1bricks.de\/en\/wp-json\/wp\/v2\/product_cat?post=3119"},{"taxonomy":"product_tag","embeddable":true,"href":"https:\/\/b1bricks.de\/en\/wp-json\/wp\/v2\/product_tag?post=3119"}],"curies":[{"name":"wp","href":"https:\/\/api.w.org\/{rel}","templated":true}]}}